{"id":265,"date":"2025-12-11T13:02:20","date_gmt":"2025-12-11T13:02:20","guid":{"rendered":"https:\/\/magia-morza.de\/?page_id=265"},"modified":"2025-12-11T13:02:21","modified_gmt":"2025-12-11T13:02:21","slug":"faq","status":"publish","type":"page","link":"https:\/\/magia-morza.de\/pl\/faq\/","title":{"rendered":"FAQ"},"content":{"rendered":"\n<div class=\"wp-block-group alignfull has-background-background-color has-background has-global-padding is-layout-constrained wp-container-core-group-is-layout-7276a2bb wp-block-group-is-layout-constrained\" id=\"h\u00e4ufig-gestellte-fragen\" style=\"margin-top:0;margin-bottom:0;padding-top:var(--wp--preset--spacing--60);padding-right:var(--wp--preset--spacing--30);padding-bottom:var(--wp--preset--spacing--60);padding-left:var(--wp--preset--spacing--30)\">\n<div class=\"wp-block-group alignwide is-vertical is-layout-flex wp-container-core-group-is-layout-fe9cc265 wp-block-group-is-layout-flex\">\n<div class=\"wp-block-group alignwide has-global-padding is-content-justification-center is-layout-constrained wp-block-group-is-layout-constrained\">\n<h2 class=\"wp-block-heading has-large-font-size\">Niezapomniane wakacje nad Morzem Ba\u0142tyckim<\/h2>\n\n\n\n<p style=\"margin-top:16px\">Tutaj znajdziesz odpowiedzi na najwa\u017cniejsze pytania dotycz\u0105ce pobytu w \u201eMagia Morza\u201d.<\/p>\n<\/div>\n<\/div>\n\n\n\n<div class=\"wp-block-columns alignwide is-layout-flex wp-container-core-columns-is-layout-47c06fe3 wp-block-columns-is-layout-flex\">\n<div class=\"wp-block-column is-layout-flow wp-container-core-column-is-layout-119bc444 wp-block-column-is-layout-flow\">\n<div class=\"wp-block-group is-nowrap is-layout-flex wp-container-core-group-is-layout-6a90dc5c wp-block-group-is-layout-flex\">\n<figure class=\"wp-block-image size-large wp-duotone-primary-foreground\"><img decoding=\"async\" src=\"data:image\/svg+xml;base64,PHN2ZyB4bWxucz0iaHR0cDovL3d3dy53My5vcmcvMjAwMC9zdmciIHdpZHRoPSI0OCIgaGVpZ2h0PSI0OCIgZmlsbD0ibm9uZSIgdmlld0JveD0iMCAwIDQ4IDQ4Ij48bWFzayBpZD0iYSIgd2lkdGg9IjQ4IiBoZWlnaHQ9IjQ4IiB4PSIwIiB5PSIwIiBtYXNrVW5pdHM9InVzZXJTcGFjZU9uVXNlIiBzdHlsZT0ibWFzay10eXBlOmFscGhhIj48cGF0aCBmaWxsPSIjRDlEOUQ5IiBkPSJNMCAwaDQ4djQ4SDB6Ii8+PC9tYXNrPjxnIG1hc2s9InVybCgjYSkiPjxwYXRoIGZpbGw9IiM1RjYzNjgiIGQ9Ik0yNC4yIDM1LjY1Yy41MzMgMCAuOTgzLS4xODMgMS4zNS0uNTUuMzY3LS4zNjcuNTUtLjgxNy41NS0xLjM1IDAtLjUzMy0uMTgzLS45ODMtLjU1LTEuMzVhMS44MzUgMS44MzUgMCAwIDAtMS4zNS0uNTVjLS41MzMgMC0uOTgzLjE4My0xLjM1LjU1LS4zNjcuMzY3LS41NS44MTctLjU1IDEuMzUgMCAuNTMzLjE4My45ODMuNTUgMS4zNS4zNjcuMzY3LjgxNy41NSAxLjM1LjU1Wm0tMS43NS03LjNoMi45NWMwLS44NjcuMTA4LTEuNjU4LjMyNS0yLjM3NS4yMTctLjcxNy44OTItMS41NDIgMi4wMjUtMi40NzUgMS4wMzMtLjg2NyAxLjc2Ny0xLjcxNyAyLjItMi41NS40MzMtLjgzMy42NS0xLjc1LjY1LTIuNzUgMC0xLjc2Ny0uNTc1LTMuMTgzLTEuNzI1LTQuMjUtMS4xNS0xLjA2Ny0yLjY3NS0xLjYtNC41NzUtMS42LTEuNjMzIDAtMy4wNzUuNDA4LTQuMzI1IDEuMjI1LTEuMjUuODE3LTIuMTU4IDEuOTQyLTIuNzI1IDMuMzc1bDIuNjUgMWMuMzY3LS45MzMuOTE3LTEuNjU4IDEuNjUtMi4xNzUuNzMzLS41MTcgMS42LS43NzUgMi42LS43NzUgMS4xMzMgMCAyLjA1LjMwOCAyLjc1LjkyNS43LjYxNyAxLjA1IDEuNDA4IDEuMDUgMi4zNzUgMCAuNzMzLS4yMTcgMS40MjUtLjY1IDIuMDc1LS40MzMuNjUtMS4wNjcgMS4zMjUtMS45IDIuMDI1LTEgLjg2Ny0xLjc0MiAxLjcyNS0yLjIyNSAyLjU3NS0uNDgzLjg1LS43MjUgMS45NzUtLjcyNSAzLjM3NVpNMjQgNDRjLTIuNzMzIDAtNS4zMTctLjUyNS03Ljc1LTEuNTc1LTIuNDMzLTEuMDUtNC41NTgtMi40ODMtNi4zNzUtNC4zLTEuODE3LTEuODE3LTMuMjUtMy45NDItNC4zLTYuMzc1QzQuNTI1IDI5LjMxNyA0IDI2LjczMyA0IDI0YzAtMi43NjcuNTI1LTUuMzY3IDEuNTc1LTcuOCAxLjA1LTIuNDMzIDIuNDgzLTQuNTUgNC4zLTYuMzUgMS44MTctMS44IDMuOTQyLTMuMjI1IDYuMzc1LTQuMjc1QzE4LjY4MyA0LjUyNSAyMS4yNjcgNCAyNCA0YzIuNzY3IDAgNS4zNjcuNTI1IDcuOCAxLjU3NSAyLjQzMyAxLjA1IDQuNTUgMi40NzUgNi4zNSA0LjI3NSAxLjggMS44IDMuMjI1IDMuOTE3IDQuMjc1IDYuMzVDNDMuNDc1IDE4LjYzMyA0NCAyMS4yMzMgNDQgMjRjMCAyLjczMy0uNTI1IDUuMzE3LTEuNTc1IDcuNzUtMS4wNSAyLjQzMy0yLjQ3NSA0LjU1OC00LjI3NSA2LjM3NS0xLjggMS44MTctMy45MTcgMy4yNS02LjM1IDQuM0MyOS4zNjcgNDMuNDc1IDI2Ljc2NyA0NCAyNCA0NFptMC0zYzQuNzMzIDAgOC43NS0xLjY1OCAxMi4wNS00Ljk3NUMzOS4zNSAzMi43MDggNDEgMjguNyA0MSAyNGMwLTQuNzMzLTEuNjUtOC43NS00Ljk1LTEyLjA1QzMyLjc1IDguNjUgMjguNzMzIDcgMjQgN2MtNC43IDAtOC43MDggMS42NS0xMi4wMjUgNC45NUM4LjY1OCAxNS4yNSA3IDE5LjI2NyA3IDI0YzAgNC43IDEuNjU4IDguNzA4IDQuOTc1IDEyLjAyNUMxNS4yOTIgMzkuMzQyIDE5LjMgNDEgMjQgNDFaIi8+PC9nPjwvc3ZnPg==\" alt=\"\" style=\"object-fit:cover\"\/><\/figure>\n\n\n\n<div class=\"wp-block-group wp-container-content-958eb9dc has-global-padding is-layout-constrained wp-block-group-is-layout-constrained\">\n<h4 class=\"wp-block-heading\" style=\"font-size:clamp(14px, 0.875rem + ((1vw - 3.2px) * 0.625), 20px);line-height:1.5\">Jak du\u017ce jest mieszkanie wakacyjne?<\/h4>\n\n\n\n<p class=\"has-small-font-size\" style=\"margin-top:4px\">Nasz apartament ma powierzchni\u0119 oko\u0142o 50 m\u00b2: salon z rozk\u0142adan\u0105 sof\u0105 i wbudowan\u0105 kuchni\u0105, sypialnia (\u0142\u00f3\u017cko 160&#215;200), \u0142azienka (z pralk\u0105 i suszark\u0105 do w\u0142os\u00f3w) oraz balkon. Bezp\u0142atny dost\u0119p do Wi-Fi (\u015bwiat\u0142ow\u00f3d 700 Mbit\/s).<\/p>\n<\/div>\n<\/div>\n\n\n\n<div class=\"wp-block-group is-nowrap is-layout-flex wp-container-core-group-is-layout-6a90dc5c wp-block-group-is-layout-flex\">\n<figure class=\"wp-block-image size-large wp-duotone-primary-foreground\"><img decoding=\"async\" src=\"data:image\/svg+xml;base64,PHN2ZyB4bWxucz0iaHR0cDovL3d3dy53My5vcmcvMjAwMC9zdmciIHdpZHRoPSI0OCIgaGVpZ2h0PSI0OCIgZmlsbD0ibm9uZSIgdmlld0JveD0iMCAwIDQ4IDQ4Ij48bWFzayBpZD0iYSIgd2lkdGg9IjQ4IiBoZWlnaHQ9IjQ4IiB4PSIwIiB5PSIwIiBtYXNrVW5pdHM9InVzZXJTcGFjZU9uVXNlIiBzdHlsZT0ibWFzay10eXBlOmFscGhhIj48cGF0aCBmaWxsPSIjRDlEOUQ5IiBkPSJNMCAwaDQ4djQ4SDB6Ii8+PC9tYXNrPjxnIG1hc2s9InVybCgjYSkiPjxwYXRoIGZpbGw9IiM1RjYzNjgiIGQ9Ik0yNC4yIDM1LjY1Yy41MzMgMCAuOTgzLS4xODMgMS4zNS0uNTUuMzY3LS4zNjcuNTUtLjgxNy41NS0xLjM1IDAtLjUzMy0uMTgzLS45ODMtLjU1LTEuMzVhMS44MzUgMS44MzUgMCAwIDAtMS4zNS0uNTVjLS41MzMgMC0uOTgzLjE4My0xLjM1LjU1LS4zNjcuMzY3LS41NS44MTctLjU1IDEuMzUgMCAuNTMzLjE4My45ODMuNTUgMS4zNS4zNjcuMzY3LjgxNy41NSAxLjM1LjU1Wm0tMS43NS03LjNoMi45NWMwLS44NjcuMTA4LTEuNjU4LjMyNS0yLjM3NS4yMTctLjcxNy44OTItMS41NDIgMi4wMjUtMi40NzUgMS4wMzMtLjg2NyAxLjc2Ny0xLjcxNyAyLjItMi41NS40MzMtLjgzMy42NS0xLjc1LjY1LTIuNzUgMC0xLjc2Ny0uNTc1LTMuMTgzLTEuNzI1LTQuMjUtMS4xNS0xLjA2Ny0yLjY3NS0xLjYtNC41NzUtMS42LTEuNjMzIDAtMy4wNzUuNDA4LTQuMzI1IDEuMjI1LTEuMjUuODE3LTIuMTU4IDEuOTQyLTIuNzI1IDMuMzc1bDIuNjUgMWMuMzY3LS45MzMuOTE3LTEuNjU4IDEuNjUtMi4xNzUuNzMzLS41MTcgMS42LS43NzUgMi42LS43NzUgMS4xMzMgMCAyLjA1LjMwOCAyLjc1LjkyNS43LjYxNyAxLjA1IDEuNDA4IDEuMDUgMi4zNzUgMCAuNzMzLS4yMTcgMS40MjUtLjY1IDIuMDc1LS40MzMuNjUtMS4wNjcgMS4zMjUtMS45IDIuMDI1LTEgLjg2Ny0xLjc0MiAxLjcyNS0yLjIyNSAyLjU3NS0uNDgzLjg1LS43MjUgMS45NzUtLjcyNSAzLjM3NVpNMjQgNDRjLTIuNzMzIDAtNS4zMTctLjUyNS03Ljc1LTEuNTc1LTIuNDMzLTEuMDUtNC41NTgtMi40ODMtNi4zNzUtNC4zLTEuODE3LTEuODE3LTMuMjUtMy45NDItNC4zLTYuMzc1QzQuNTI1IDI5LjMxNyA0IDI2LjczMyA0IDI0YzAtMi43NjcuNTI1LTUuMzY3IDEuNTc1LTcuOCAxLjA1LTIuNDMzIDIuNDgzLTQuNTUgNC4zLTYuMzUgMS44MTctMS44IDMuOTQyLTMuMjI1IDYuMzc1LTQuMjc1QzE4LjY4MyA0LjUyNSAyMS4yNjcgNCAyNCA0YzIuNzY3IDAgNS4zNjcuNTI1IDcuOCAxLjU3NSAyLjQzMyAxLjA1IDQuNTUgMi40NzUgNi4zNSA0LjI3NSAxLjggMS44IDMuMjI1IDMuOTE3IDQuMjc1IDYuMzVDNDMuNDc1IDE4LjYzMyA0NCAyMS4yMzMgNDQgMjRjMCAyLjczMy0uNTI1IDUuMzE3LTEuNTc1IDcuNzUtMS4wNSAyLjQzMy0yLjQ3NSA0LjU1OC00LjI3NSA2LjM3NS0xLjggMS44MTctMy45MTcgMy4yNS02LjM1IDQuM0MyOS4zNjcgNDMuNDc1IDI2Ljc2NyA0NCAyNCA0NFptMC0zYzQuNzMzIDAgOC43NS0xLjY1OCAxMi4wNS00Ljk3NUMzOS4zNSAzMi43MDggNDEgMjguNyA0MSAyNGMwLTQuNzMzLTEuNjUtOC43NS00Ljk1LTEyLjA1QzMyLjc1IDguNjUgMjguNzMzIDcgMjQgN2MtNC43IDAtOC43MDggMS42NS0xMi4wMjUgNC45NUM4LjY1OCAxNS4yNSA3IDE5LjI2NyA3IDI0YzAgNC43IDEuNjU4IDguNzA4IDQuOTc1IDEyLjAyNUMxNS4yOTIgMzkuMzQyIDE5LjMgNDEgMjQgNDFaIi8+PC9nPjwvc3ZnPg==\" alt=\"\" style=\"object-fit:cover\"\/><\/figure>\n\n\n\n<div class=\"wp-block-group wp-container-content-958eb9dc has-global-padding is-layout-constrained wp-block-group-is-layout-constrained\">\n<h4 class=\"wp-block-heading\" style=\"font-size:clamp(14px, 0.875rem + ((1vw - 3.2px) * 0.625), 20px);line-height:1.5\">Czy zwierz\u0119ta s\u0105 akceptowane? Czy palenie jest dozwolone?<\/h4>\n\n\n\n<p class=\"has-small-font-size\" style=\"margin-top:4px\">Tak, zwierz\u0119ta domowe o wadze do 15 kg s\u0105 u nas mile widziane (dost\u0119pne jest legowisko dla psa i miski). Palenie jest NIEDOZWOLONE! Prosimy o wyrozumia\u0142o\u015b\u0107!<\/p>\n<\/div>\n<\/div>\n<\/div>\n\n\n\n<div class=\"wp-block-column is-layout-flow wp-container-core-column-is-layout-119bc444 wp-block-column-is-layout-flow\">\n<div class=\"wp-block-group is-nowrap is-layout-flex wp-container-core-group-is-layout-6a90dc5c wp-block-group-is-layout-flex\">\n<figure class=\"wp-block-image size-large wp-duotone-primary-foreground\"><img decoding=\"async\" src=\"data:image\/svg+xml;base64,PHN2ZyB4bWxucz0iaHR0cDovL3d3dy53My5vcmcvMjAwMC9zdmciIHdpZHRoPSI0OCIgaGVpZ2h0PSI0OCIgZmlsbD0ibm9uZSIgdmlld0JveD0iMCAwIDQ4IDQ4Ij48bWFzayBpZD0iYSIgd2lkdGg9IjQ4IiBoZWlnaHQ9IjQ4IiB4PSIwIiB5PSIwIiBtYXNrVW5pdHM9InVzZXJTcGFjZU9uVXNlIiBzdHlsZT0ibWFzay10eXBlOmFscGhhIj48cGF0aCBmaWxsPSIjRDlEOUQ5IiBkPSJNMCAwaDQ4djQ4SDB6Ii8+PC9tYXNrPjxnIG1hc2s9InVybCgjYSkiPjxwYXRoIGZpbGw9IiM1RjYzNjgiIGQ9Ik0yNC4yIDM1LjY1Yy41MzMgMCAuOTgzLS4xODMgMS4zNS0uNTUuMzY3LS4zNjcuNTUtLjgxNy41NS0xLjM1IDAtLjUzMy0uMTgzLS45ODMtLjU1LTEuMzVhMS44MzUgMS44MzUgMCAwIDAtMS4zNS0uNTVjLS41MzMgMC0uOTgzLjE4My0xLjM1LjU1LS4zNjcuMzY3LS41NS44MTctLjU1IDEuMzUgMCAuNTMzLjE4My45ODMuNTUgMS4zNS4zNjcuMzY3LjgxNy41NSAxLjM1LjU1Wm0tMS43NS03LjNoMi45NWMwLS44NjcuMTA4LTEuNjU4LjMyNS0yLjM3NS4yMTctLjcxNy44OTItMS41NDIgMi4wMjUtMi40NzUgMS4wMzMtLjg2NyAxLjc2Ny0xLjcxNyAyLjItMi41NS40MzMtLjgzMy42NS0xLjc1LjY1LTIuNzUgMC0xLjc2Ny0uNTc1LTMuMTgzLTEuNzI1LTQuMjUtMS4xNS0xLjA2Ny0yLjY3NS0xLjYtNC41NzUtMS42LTEuNjMzIDAtMy4wNzUuNDA4LTQuMzI1IDEuMjI1LTEuMjUuODE3LTIuMTU4IDEuOTQyLTIuNzI1IDMuMzc1bDIuNjUgMWMuMzY3LS45MzMuOTE3LTEuNjU4IDEuNjUtMi4xNzUuNzMzLS41MTcgMS42LS43NzUgMi42LS43NzUgMS4xMzMgMCAyLjA1LjMwOCAyLjc1LjkyNS43LjYxNyAxLjA1IDEuNDA4IDEuMDUgMi4zNzUgMCAuNzMzLS4yMTcgMS40MjUtLjY1IDIuMDc1LS40MzMuNjUtMS4wNjcgMS4zMjUtMS45IDIuMDI1LTEgLjg2Ny0xLjc0MiAxLjcyNS0yLjIyNSAyLjU3NS0uNDgzLjg1LS43MjUgMS45NzUtLjcyNSAzLjM3NVpNMjQgNDRjLTIuNzMzIDAtNS4zMTctLjUyNS03Ljc1LTEuNTc1LTIuNDMzLTEuMDUtNC41NTgtMi40ODMtNi4zNzUtNC4zLTEuODE3LTEuODE3LTMuMjUtMy45NDItNC4zLTYuMzc1QzQuNTI1IDI5LjMxNyA0IDI2LjczMyA0IDI0YzAtMi43NjcuNTI1LTUuMzY3IDEuNTc1LTcuOCAxLjA1LTIuNDMzIDIuNDgzLTQuNTUgNC4zLTYuMzUgMS44MTctMS44IDMuOTQyLTMuMjI1IDYuMzc1LTQuMjc1QzE4LjY4MyA0LjUyNSAyMS4yNjcgNCAyNCA0YzIuNzY3IDAgNS4zNjcuNTI1IDcuOCAxLjU3NSAyLjQzMyAxLjA1IDQuNTUgMi40NzUgNi4zNSA0LjI3NSAxLjggMS44IDMuMjI1IDMuOTE3IDQuMjc1IDYuMzVDNDMuNDc1IDE4LjYzMyA0NCAyMS4yMzMgNDQgMjRjMCAyLjczMy0uNTI1IDUuMzE3LTEuNTc1IDcuNzUtMS4wNSAyLjQzMy0yLjQ3NSA0LjU1OC00LjI3NSA2LjM3NS0xLjggMS44MTctMy45MTcgMy4yNS02LjM1IDQuM0MyOS4zNjcgNDMuNDc1IDI2Ljc2NyA0NCAyNCA0NFptMC0zYzQuNzMzIDAgOC43NS0xLjY1OCAxMi4wNS00Ljk3NUMzOS4zNSAzMi43MDggNDEgMjguNyA0MSAyNGMwLTQuNzMzLTEuNjUtOC43NS00Ljk1LTEyLjA1QzMyLjc1IDguNjUgMjguNzMzIDcgMjQgN2MtNC43IDAtOC43MDggMS42NS0xMi4wMjUgNC45NUM4LjY1OCAxNS4yNSA3IDE5LjI2NyA3IDI0YzAgNC43IDEuNjU4IDguNzA4IDQuOTc1IDEyLjAyNUMxNS4yOTIgMzkuMzQyIDE5LjMgNDEgMjQgNDFaIi8+PC9nPjwvc3ZnPg==\" alt=\"\" style=\"object-fit:cover\"\/><\/figure>\n\n\n\n<div class=\"wp-block-group wp-container-content-958eb9dc has-global-padding is-layout-constrained wp-block-group-is-layout-constrained\">\n<h4 class=\"wp-block-heading\" style=\"font-size:clamp(14px, 0.875rem + ((1vw - 3.2px) * 0.625), 20px);line-height:1.5\">Jak daleko znajduje si\u0119 pla\u017ca?<\/h4>\n\n\n\n<p class=\"has-small-font-size\" style=\"margin-top:4px\">Pla\u017ca znajduje si\u0119 w odleg\u0142o\u015bci kilku minut spacerem. Bar na pla\u017cy oferuje koktajle i smaczne przek\u0105ski.<\/p>\n\n\n\n<p class=\"has-small-font-size\" style=\"margin-top:4px\"><\/p>\n<\/div>\n<\/div>\n\n\n\n<div class=\"wp-block-group is-nowrap is-layout-flex wp-container-core-group-is-layout-6a90dc5c wp-block-group-is-layout-flex\">\n<figure class=\"wp-block-image size-large wp-duotone-primary-foreground\"><img decoding=\"async\" src=\"data:image\/svg+xml;base64,PHN2ZyB4bWxucz0iaHR0cDovL3d3dy53My5vcmcvMjAwMC9zdmciIHdpZHRoPSI0OCIgaGVpZ2h0PSI0OCIgZmlsbD0ibm9uZSIgdmlld0JveD0iMCAwIDQ4IDQ4Ij48bWFzayBpZD0iYSIgd2lkdGg9IjQ4IiBoZWlnaHQ9IjQ4IiB4PSIwIiB5PSIwIiBtYXNrVW5pdHM9InVzZXJTcGFjZU9uVXNlIiBzdHlsZT0ibWFzay10eXBlOmFscGhhIj48cGF0aCBmaWxsPSIjRDlEOUQ5IiBkPSJNMCAwaDQ4djQ4SDB6Ii8+PC9tYXNrPjxnIG1hc2s9InVybCgjYSkiPjxwYXRoIGZpbGw9IiM1RjYzNjgiIGQ9Ik0yNC4yIDM1LjY1Yy41MzMgMCAuOTgzLS4xODMgMS4zNS0uNTUuMzY3LS4zNjcuNTUtLjgxNy41NS0xLjM1IDAtLjUzMy0uMTgzLS45ODMtLjU1LTEuMzVhMS44MzUgMS44MzUgMCAwIDAtMS4zNS0uNTVjLS41MzMgMC0uOTgzLjE4My0xLjM1LjU1LS4zNjcuMzY3LS41NS44MTctLjU1IDEuMzUgMCAuNTMzLjE4My45ODMuNTUgMS4zNS4zNjcuMzY3LjgxNy41NSAxLjM1LjU1Wm0tMS43NS03LjNoMi45NWMwLS44NjcuMTA4LTEuNjU4LjMyNS0yLjM3NS4yMTctLjcxNy44OTItMS41NDIgMi4wMjUtMi40NzUgMS4wMzMtLjg2NyAxLjc2Ny0xLjcxNyAyLjItMi41NS40MzMtLjgzMy42NS0xLjc1LjY1LTIuNzUgMC0xLjc2Ny0uNTc1LTMuMTgzLTEuNzI1LTQuMjUtMS4xNS0xLjA2Ny0yLjY3NS0xLjYtNC41NzUtMS42LTEuNjMzIDAtMy4wNzUuNDA4LTQuMzI1IDEuMjI1LTEuMjUuODE3LTIuMTU4IDEuOTQyLTIuNzI1IDMuMzc1bDIuNjUgMWMuMzY3LS45MzMuOTE3LTEuNjU4IDEuNjUtMi4xNzUuNzMzLS41MTcgMS42LS43NzUgMi42LS43NzUgMS4xMzMgMCAyLjA1LjMwOCAyLjc1LjkyNS43LjYxNyAxLjA1IDEuNDA4IDEuMDUgMi4zNzUgMCAuNzMzLS4yMTcgMS40MjUtLjY1IDIuMDc1LS40MzMuNjUtMS4wNjcgMS4zMjUtMS45IDIuMDI1LTEgLjg2Ny0xLjc0MiAxLjcyNS0yLjIyNSAyLjU3NS0uNDgzLjg1LS43MjUgMS45NzUtLjcyNSAzLjM3NVpNMjQgNDRjLTIuNzMzIDAtNS4zMTctLjUyNS03Ljc1LTEuNTc1LTIuNDMzLTEuMDUtNC41NTgtMi40ODMtNi4zNzUtNC4zLTEuODE3LTEuODE3LTMuMjUtMy45NDItNC4zLTYuMzc1QzQuNTI1IDI5LjMxNyA0IDI2LjczMyA0IDI0YzAtMi43NjcuNTI1LTUuMzY3IDEuNTc1LTcuOCAxLjA1LTIuNDMzIDIuNDgzLTQuNTUgNC4zLTYuMzUgMS44MTctMS44IDMuOTQyLTMuMjI1IDYuMzc1LTQuMjc1QzE4LjY4MyA0LjUyNSAyMS4yNjcgNCAyNCA0YzIuNzY3IDAgNS4zNjcuNTI1IDcuOCAxLjU3NSAyLjQzMyAxLjA1IDQuNTUgMi40NzUgNi4zNSA0LjI3NSAxLjggMS44IDMuMjI1IDMuOTE3IDQuMjc1IDYuMzVDNDMuNDc1IDE4LjYzMyA0NCAyMS4yMzMgNDQgMjRjMCAyLjczMy0uNTI1IDUuMzE3LTEuNTc1IDcuNzUtMS4wNSAyLjQzMy0yLjQ3NSA0LjU1OC00LjI3NSA2LjM3NS0xLjggMS44MTctMy45MTcgMy4yNS02LjM1IDQuM0MyOS4zNjcgNDMuNDc1IDI2Ljc2NyA0NCAyNCA0NFptMC0zYzQuNzMzIDAgOC43NS0xLjY1OCAxMi4wNS00Ljk3NUMzOS4zNSAzMi43MDggNDEgMjguNyA0MSAyNGMwLTQuNzMzLTEuNjUtOC43NS00Ljk1LTEyLjA1QzMyLjc1IDguNjUgMjguNzMzIDcgMjQgN2MtNC43IDAtOC43MDggMS42NS0xMi4wMjUgNC45NUM4LjY1OCAxNS4yNSA3IDE5LjI2NyA3IDI0YzAgNC43IDEuNjU4IDguNzA4IDQuOTc1IDEyLjAyNUMxNS4yOTIgMzkuMzQyIDE5LjMgNDEgMjQgNDFaIi8+PC9nPjwvc3ZnPg==\" alt=\"\" style=\"object-fit:cover\"\/><\/figure>\n\n\n\n<div class=\"wp-block-group wp-container-content-958eb9dc has-global-padding is-layout-constrained wp-block-group-is-layout-constrained\">\n<h4 class=\"wp-block-heading\" style=\"font-size:clamp(14px, 0.875rem + ((1vw - 3.2px) * 0.625), 20px);line-height:1.5\">Jakie wyposa\u017cenie znajduje si\u0119 w kuchni?<\/h4>\n\n\n\n<p class=\"has-small-font-size\" style=\"margin-top:4px\">Kuchnia jest w pe\u0142ni wyposa\u017cona we wszystkie niezb\u0119dne urz\u0105dzenia i przybory (piekarnik, ekspres do kawy Nespresso, czajnik, toster itp.).<\/p>\n<\/div>\n<\/div>\n<\/div>\n<\/div>\n<\/div>\n\n\n\n<div class=\"wp-block-group alignfull has-tertiary-background-color has-background has-global-padding is-layout-constrained wp-container-core-group-is-layout-fb85e995 wp-block-group-is-layout-constrained\" style=\"margin-top:0;margin-bottom:0;padding-top:var(--wp--preset--spacing--60);padding-right:var(--wp--preset--spacing--30);padding-bottom:var(--wp--preset--spacing--60);padding-left:var(--wp--preset--spacing--30)\">\n<div class=\"wp-block-group alignwide has-global-padding is-content-justification-center is-layout-constrained wp-block-group-is-layout-constrained\">\n<h2 class=\"wp-block-heading has-text-align-center has-large-font-size\">Zaufanie dzi\u0119ki jako\u015bci i bezpiecze\u0144stwu<\/h2>\n\n\n\n<p class=\"has-text-align-center\" style=\"margin-top:16px\">Dbamy o Pa\u0144stwa, aby zapewni\u0107 Pa\u0144stwu beztroski pobyt.<\/p>\n<\/div>\n\n\n\n<div class=\"wp-block-columns alignwide is-layout-flex wp-container-core-columns-is-layout-28f84493 wp-block-columns-is-layout-flex\">\n<div class=\"wp-block-column is-vertically-aligned-stretch is-layout-flow wp-block-column-is-layout-flow\">\n<div class=\"wp-block-group has-background-background-color has-background has-global-padding is-layout-constrained wp-container-core-group-is-layout-32cc5326 wp-block-group-is-layout-constrained\" style=\"border-top-left-radius:20rem;border-top-right-radius:20rem;border-bottom-left-radius:0rem;border-bottom-right-radius:0rem;min-height:100%;padding-top:var(--wp--preset--spacing--60);padding-right:var(--wp--preset--spacing--30);padding-bottom:var(--wp--preset--spacing--50);padding-left:var(--wp--preset--spacing--30)\">\n<div class=\"wp-block-group is-content-justification-center is-nowrap is-layout-flex wp-container-core-group-is-layout-23441af8 wp-block-group-is-layout-flex\">\n<div class=\"wp-block-group has-tertiary-background-color has-background wp-container-content-487bf011 is-content-justification-center is-nowrap is-layout-flex wp-container-core-group-is-layout-cf138b5d wp-block-group-is-layout-flex\" style=\"border-top-left-radius:20rem;border-top-right-radius:20rem;border-bottom-left-radius:0rem;border-bottom-right-radius:0rem;min-height:96px;padding-top:var(--wp--preset--spacing--20);padding-right:var(--wp--preset--spacing--20);padding-bottom:var(--wp--preset--spacing--20);padding-left:var(--wp--preset--spacing--20)\">\n<figure class=\"wp-block-image aligncenter size-large wp-duotone-secondary-and-primary\"><img decoding=\"async\" src=\"data:image\/svg+xml;base64,PHN2ZyB4bWxucz0iaHR0cDovL3d3dy53My5vcmcvMjAwMC9zdmciIGhlaWdodD0iNDhweCIgdmlld0JveD0iMCAtOTYwIDk2MCA5NjAiIHdpZHRoPSI0OHB4IiBmaWxsPSIjMWUxZTFlIj48cGF0aCBkPSJtMzQ2LTYwLTc2LTEzMC0xNTEtMzEgMTctMTQ3LTk2LTExMiA5Ni0xMTEtMTctMTQ3IDE1MS0zMSA3Ni0xMzEgMTM0IDYyIDEzNC02MiA3NyAxMzEgMTUwIDMxLTE3IDE0NyA5NiAxMTEtOTYgMTEyIDE3IDE0Ny0xNTAgMzEtNzcgMTMwLTEzNC02Mi0xMzQgNjJabTI3LTc5IDEwNy00NSAxMTAgNDUgNjctMTAwIDExNy0zMC0xMi0xMTkgODEtOTItODEtOTQgMTItMTE5LTExNy0yOC02OS0xMDAtMTA4IDQ1LTExMC00NS02NyAxMDAtMTE3IDI4IDEyIDExOS04MSA5NCA4MSA5Mi0xMiAxMjEgMTE3IDI4IDcwIDEwMFptMTA3LTM0MVptLTQzIDEzMyAyMjctMjI1LTQ1LTQxLTE4MiAxODAtOTUtOTktNDYgNDUgMTQxIDE0MFoiLz48L3N2Zz4=\" alt=\"\"\/><\/figure>\n<\/div>\n<\/div>\n\n\n\n<h3 class=\"wp-block-heading has-text-align-center\" style=\"margin-top:24px;font-size:clamp(0.875rem, 0.875rem + ((1vw - 0.2rem) * 0.625), 1.25rem);\">Profesjonalne sprz\u0105tanie<\/h3>\n\n\n\n<p class=\"has-text-align-center has-small-font-size\" style=\"margin-top:8px\">Nasze zakwaterowanie spe\u0142nia najwy\u017csze standardy czysto\u015bci i higieny, aby zapewni\u0107 Pa\u0144stwu pe\u0142en komfort.<\/p>\n<\/div>\n<\/div>\n\n\n\n<div class=\"wp-block-column is-vertically-aligned-stretch is-layout-flow wp-block-column-is-layout-flow\">\n<div class=\"wp-block-group has-background-background-color has-background has-global-padding is-layout-constrained wp-container-core-group-is-layout-32cc5326 wp-block-group-is-layout-constrained\" style=\"border-top-left-radius:20rem;border-top-right-radius:20rem;border-bottom-left-radius:0rem;border-bottom-right-radius:0rem;min-height:100%;padding-top:var(--wp--preset--spacing--60);padding-right:var(--wp--preset--spacing--30);padding-bottom:var(--wp--preset--spacing--50);padding-left:var(--wp--preset--spacing--30)\">\n<div class=\"wp-block-group is-content-justification-center is-nowrap is-layout-flex wp-container-core-group-is-layout-23441af8 wp-block-group-is-layout-flex\">\n<div class=\"wp-block-group has-tertiary-background-color has-background wp-container-content-487bf011 is-content-justification-center is-nowrap is-layout-flex wp-container-core-group-is-layout-cf138b5d wp-block-group-is-layout-flex\" style=\"border-top-left-radius:20rem;border-top-right-radius:20rem;border-bottom-left-radius:0rem;border-bottom-right-radius:0rem;min-height:96px;padding-top:var(--wp--preset--spacing--20);padding-right:var(--wp--preset--spacing--20);padding-bottom:var(--wp--preset--spacing--20);padding-left:var(--wp--preset--spacing--20)\">\n<figure class=\"wp-block-image aligncenter size-large wp-duotone-secondary-and-primary\"><img decoding=\"async\" src=\"data:image\/svg+xml;base64,PHN2ZyB4bWxucz0iaHR0cDovL3d3dy53My5vcmcvMjAwMC9zdmciIGhlaWdodD0iNDhweCIgdmlld0JveD0iMCAtOTYwIDk2MCA5NjAiIHdpZHRoPSI0OHB4IiBmaWxsPSIjMWUxZTFlIj48cGF0aCBkPSJtNDM2LTM0NyAyMjgtMjI4LTQyLTQxLTE4MyAxODMtMTAxLTEwMS00NCA0NCAxNDIgMTQzWm00NCAyNjZxLTE0MC0zNS0yMzAtMTYyLjVUMTYwLTUyM3YtMjM4bDMyMC0xMjAgMzIwIDEyMHYyMzhxMCAxNTItOTAgMjc5LjVUNDgwLTgxWm0wLTYycTExNS0zOCAxODcuNS0xNDMuNVQ3NDAtNTIzdi0xOTZsLTI2MC05OC0yNjAgOTh2MTk2cTAgMTMxIDcyLjUgMjM2LjVUNDgwLTE0M1ptMC0zMzdaIi8+PC9zdmc+\" alt=\"\"\/><\/figure>\n<\/div>\n<\/div>\n\n\n\n<h3 class=\"wp-block-heading has-text-align-center\" style=\"margin-top:24px;font-size:clamp(0.875rem, 0.875rem + ((1vw - 0.2rem) * 0.625), 1.25rem);\">Catering<\/h3>\n\n\n\n<p class=\"has-text-align-center has-small-font-size\" style=\"margin-top:8px\">\u017byczenia dotycz\u0105ce cateringu s\u0105 realizowane profesjonalnie przez firm\u0119 dostawcz\u0105 za dodatkow\u0105 op\u0142at\u0105.<br><a href=\"https:\/\/magia-morza.de\/wp-content\/uploads\/2025\/12\/Catering-Service.pdf\" title=\"\">Us\u0142ugi cateringowe<\/a><\/p>\n<\/div>\n<\/div>\n\n\n\n<div class=\"wp-block-column is-vertically-aligned-stretch is-layout-flow wp-block-column-is-layout-flow\">\n<div class=\"wp-block-group has-background-background-color has-background has-global-padding is-layout-constrained wp-container-core-group-is-layout-32cc5326 wp-block-group-is-layout-constrained\" style=\"border-top-left-radius:20rem;border-top-right-radius:20rem;border-bottom-left-radius:0rem;border-bottom-right-radius:0rem;min-height:100%;padding-top:var(--wp--preset--spacing--60);padding-right:var(--wp--preset--spacing--30);padding-bottom:var(--wp--preset--spacing--50);padding-left:var(--wp--preset--spacing--30)\">\n<div class=\"wp-block-group is-content-justification-center is-nowrap is-layout-flex wp-container-core-group-is-layout-23441af8 wp-block-group-is-layout-flex\">\n<div class=\"wp-block-group has-tertiary-background-color has-background wp-container-content-487bf011 is-content-justification-center is-nowrap is-layout-flex wp-container-core-group-is-layout-cf138b5d wp-block-group-is-layout-flex\" style=\"border-top-left-radius:20rem;border-top-right-radius:20rem;border-bottom-left-radius:0rem;border-bottom-right-radius:0rem;min-height:96px;padding-top:var(--wp--preset--spacing--20);padding-right:var(--wp--preset--spacing--20);padding-bottom:var(--wp--preset--spacing--20);padding-left:var(--wp--preset--spacing--20)\">\n<figure class=\"wp-block-image aligncenter size-large wp-duotone-secondary-and-primary\"><img decoding=\"async\" src=\"data:image\/svg+xml;base64,PHN2ZyB4bWxucz0iaHR0cDovL3d3dy53My5vcmcvMjAwMC9zdmciIGhlaWdodD0iNDhweCIgdmlld0JveD0iMCAtOTYwIDk2MCA5NjAiIHdpZHRoPSI0OHB4IiBmaWxsPSIjMWUxZTFlIj48cGF0aCBkPSJtMzYzLTMxMCAxMTctNzEgMTE3IDcxLTMxLTEzMyAxMDQtOTAtMTM3LTExLTUzLTEyNi01MyAxMjYtMTM3IDExIDEwNCA5MC0zMSAxMzNaTTQ4MS0yOSAzNDYtMTYwSDE2MHYtMTg2TDI2LTQ4MGwxMzQtMTM0di0xODZoMTg2bDEzNS0xMzQgMTMzIDEzNGgxODZ2MTg2bDEzNCAxMzQtMTM0IDEzNHYxODZINjE0TDQ4MS0yOVptMC04NCAxMDcuOTItMTA3SDc0MHYtMTUxbDEwOS0xMDktMTA5LTEwOXYtMTUxSDU4OUw0ODEtODQ5IDM3MS03NDBIMjIwdjE1MUwxMTEtNDgwbDEwOSAxMDl2MTUxaDE1MGwxMTEgMTA3Wm0wLTM2OFoiLz48L3N2Zz4=\" alt=\"\"\/><\/figure>\n<\/div>\n<\/div>\n\n\n\n<h3 class=\"wp-block-heading has-text-align-center\" style=\"margin-top:24px;font-size:clamp(0.875rem, 0.875rem + ((1vw - 0.2rem) * 0.625), 1.25rem);\">Przyjazny zwierz\u0119tom<\/h3>\n\n\n\n<p class=\"has-text-align-center has-small-font-size\" style=\"margin-top:8px\">Nasz apartament wakacyjny jest przyjazny zwierz\u0119tom \u2013 czworono\u017cni towarzysze s\u0105 mile widziani (do 15 kg masy cia\u0142a).<\/p>\n<\/div>\n<\/div>\n<\/div>\n<\/div>\n","protected":false},"excerpt":{"rendered":"<p>Niezapomniane wakacje nad Morzem Ba\u0142tyckim Tutaj znajdziesz odpowiedzi na najwa\u017cniejsze pytania dotycz\u0105ce pobytu w \u201eMagia Morza\u201d. Jak du\u017ce jest mieszkanie wakacyjne? Nasz apartament ma powierzchni\u0119 oko\u0142o 50 m\u00b2: salon z rozk\u0142adan\u0105 sof\u0105 i wbudowan\u0105 kuchni\u0105, sypialnia (\u0142\u00f3\u017cko 160&#215;200), \u0142azienka (z pralk\u0105 i suszark\u0105 do w\u0142os\u00f3w) oraz balkon. Bezp\u0142atny dost\u0119p do Wi-Fi (\u015bwiat\u0142ow\u00f3d 700 Mbit\/s). Czy [&hellip;]<\/p>\n","protected":false},"author":2,"featured_media":0,"parent":0,"menu_order":0,"comment_status":"closed","ping_status":"closed","template":"page-with-title","meta":{"_locale":"pl_PL","_original_post":"https:\/\/magia-morza.de\/faq\/","footnotes":""},"class_list":["post-265","page","type-page","status-publish","hentry","pl-PL"],"aioseo_notices":[],"_links":{"self":[{"href":"https:\/\/magia-morza.de\/wp-json\/wp\/v2\/pages\/265","targetHints":{"allow":["GET"]}}],"collection":[{"href":"https:\/\/magia-morza.de\/wp-json\/wp\/v2\/pages"}],"about":[{"href":"https:\/\/magia-morza.de\/wp-json\/wp\/v2\/types\/page"}],"author":[{"embeddable":true,"href":"https:\/\/magia-morza.de\/wp-json\/wp\/v2\/users\/2"}],"replies":[{"embeddable":true,"href":"https:\/\/magia-morza.de\/wp-json\/wp\/v2\/comments?post=265"}],"version-history":[{"count":1,"href":"https:\/\/magia-morza.de\/wp-json\/wp\/v2\/pages\/265\/revisions"}],"predecessor-version":[{"id":267,"href":"https:\/\/magia-morza.de\/wp-json\/wp\/v2\/pages\/265\/revisions\/267"}],"wp:attachment":[{"href":"https:\/\/magia-morza.de\/wp-json\/wp\/v2\/media?parent=265"}],"curies":[{"name":"wp","href":"https:\/\/api.w.org\/{rel}","templated":true}]}}