{"id":270,"date":"2025-12-11T13:08:13","date_gmt":"2025-12-11T13:08:13","guid":{"rendered":"https:\/\/magia-morza.de\/?page_id=270"},"modified":"2025-12-11T14:14:03","modified_gmt":"2025-12-11T14:14:03","slug":"kontakt","status":"publish","type":"page","link":"https:\/\/magia-morza.de\/pl\/kontakt\/","title":{"rendered":"Kontakt"},"content":{"rendered":"\n<div class=\"wp-block-group alignfull has-background-background-color has-background has-global-padding is-layout-constrained wp-container-core-group-is-layout-2bc1b312 wp-block-group-is-layout-constrained\" id=\"kontakt\" style=\"margin-top:0;margin-bottom:0;padding-top:var(--wp--preset--spacing--60);padding-bottom:var(--wp--preset--spacing--60)\">\n<div class=\"wp-block-group has-global-padding is-layout-constrained wp-block-group-is-layout-constrained\">\n<h2 class=\"wp-block-heading has-text-align-center has-large-font-size\">Ciesz si\u0119 spokojem w naszym apartamencie wakacyjnym \u201eMagia Morza\u201d<\/h2>\n\n\n\n<p class=\"has-text-align-center\" style=\"margin-top:16px\">Oto nasze dane kontaktowe:<\/p>\n\n\n\n<p class=\"has-text-align-center\" style=\"margin-top:16px\">Numer telefonu:<\/p>\n\n\n\n<p class=\"has-text-align-center\" style=\"margin-top:16px\">+491708821560 <\/p>\n\n\n\n<p class=\"has-text-align-center\" style=\"margin-top:16px\">lub<\/p>\n\n\n\n<p class=\"has-text-align-center\" style=\"margin-top:16px\">+4915114477114<\/p>\n\n\n\n<p class=\"has-text-align-center\" style=\"margin-top:16px\"><a href=\"E-mail:\">E-Mail:<\/a> kontakt@magia-morza.de<\/p>\n<\/div>\n\n\n\n<div class=\"wp-block-columns alignwide has-tertiary-background-color has-background is-layout-flex wp-container-core-columns-is-layout-f3e73c6b wp-block-columns-is-layout-flex\" style=\"border-radius:2rem;padding-top:var(--wp--preset--spacing--30);padding-right:var(--wp--preset--spacing--30);padding-bottom:var(--wp--preset--spacing--30);padding-left:var(--wp--preset--spacing--30)\">\n<div class=\"wp-block-column is-layout-flow wp-block-column-is-layout-flow\" style=\"padding-top:var(--wp--preset--spacing--30);padding-right:var(--wp--preset--spacing--30);padding-bottom:var(--wp--preset--spacing--30);padding-left:var(--wp--preset--spacing--30)\">\n<div class=\"wp-block-contact-form-7-contact-form-selector\">\n<div class=\"wpcf7 no-js\" id=\"wpcf7-f289-o1\" lang=\"de-DE\" dir=\"ltr\" data-wpcf7-id=\"289\">\n<div class=\"screen-reader-response\"><p role=\"status\" aria-live=\"polite\" aria-atomic=\"true\"><\/p> <ul><\/ul><\/div>\n<form action=\"\/pl\/wp-json\/wp\/v2\/pages\/270#wpcf7-f289-o1\" method=\"post\" class=\"wpcf7-form init\" aria-label=\"Kontaktformular\" novalidate=\"novalidate\" data-status=\"init\">\n<fieldset class=\"hidden-fields-container\"><input type=\"hidden\" name=\"_wpcf7\" value=\"289\" \/><input type=\"hidden\" name=\"_wpcf7_version\" value=\"6.1.5\" \/><input type=\"hidden\" name=\"_wpcf7_locale\" value=\"de_DE\" \/><input type=\"hidden\" name=\"_wpcf7_unit_tag\" value=\"wpcf7-f289-o1\" \/><input type=\"hidden\" name=\"_wpcf7_container_post\" value=\"0\" \/><input type=\"hidden\" name=\"_wpcf7_posted_data_hash\" value=\"\" \/>\n<\/fieldset>\n<p><label> Twoje imi\u0119<br \/>\n<span class=\"wpcf7-form-control-wrap\" data-name=\"your-name\"><input size=\"40\" maxlength=\"400\" class=\"wpcf7-form-control wpcf7-text wpcf7-validates-as-required\" autocomplete=\"name\" aria-required=\"true\" aria-invalid=\"false\" value=\"\" type=\"text\" name=\"your-name\" \/><\/span> <\/label>\n<\/p>\n<p><label> Tw\u00f3j adres e-mail<br \/>\n<span class=\"wpcf7-form-control-wrap\" data-name=\"your-email\"><input size=\"40\" maxlength=\"400\" class=\"wpcf7-form-control wpcf7-email wpcf7-validates-as-required wpcf7-text wpcf7-validates-as-email\" autocomplete=\"email\" aria-required=\"true\" aria-invalid=\"false\" value=\"\" type=\"email\" name=\"your-email\" \/><\/span> <\/label>\n<\/p>\n<p><label> Temat<br \/>\n<span class=\"wpcf7-form-control-wrap\" data-name=\"your-subject\"><input size=\"40\" maxlength=\"400\" class=\"wpcf7-form-control wpcf7-text wpcf7-validates-as-required\" aria-required=\"true\" aria-invalid=\"false\" value=\"\" type=\"text\" name=\"your-subject\" \/><\/span> <\/label>\n<\/p>\n<p><label> Twoja wiadomo\u015b\u0107<br \/>\n<span class=\"wpcf7-form-control-wrap\" data-name=\"your-message\"><textarea cols=\"40\" rows=\"10\" maxlength=\"2000\" class=\"wpcf7-form-control wpcf7-textarea\" aria-invalid=\"false\" name=\"your-message\"><\/textarea><\/span> <\/label>\n<\/p>\n<p><input class=\"wpcf7-form-control wpcf7-submit has-spinner\" type=\"submit\" value=\"Wy\u015blij\" \/>\n<\/p><div class=\"wpcf7-response-output\" aria-hidden=\"true\"><\/div>\n<\/form>\n<\/div>\n<\/div>\n\n\n\n<p class=\"has-text-align-center\">Wysy\u0142aj\u0105c zapytanie, wyra\u017caj\u0105 Pa\u0144stwo zgod\u0119 na przechowywanie tych danych w celu nawi\u0105zania kontaktu. Zgod\u0119 t\u0119 mo\u017cna w ka\u017cdej chwili cofn\u0105\u0107 \u2013 patrz r\u00f3wnie\u017c link \u201eImpressum\/Ochrona danych\u201d w menu.<\/p>\n<\/div>\n\n\n\n<div class=\"wp-block-column is-layout-flow wp-block-column-is-layout-flow\"><\/div>\n<\/div>\n<\/div>\n\n\n\n<p><\/p>\n","protected":false},"excerpt":{"rendered":"<p>Ciesz si\u0119 spokojem w naszym apartamencie wakacyjnym \u201eMagia Morza\u201d Oto nasze dane kontaktowe: Numer telefonu: +491708821560 lub +4915114477114 E-Mail: kontakt@magia-morza.de Wysy\u0142aj\u0105c zapytanie, wyra\u017caj\u0105 Pa\u0144stwo zgod\u0119 na przechowywanie tych danych w celu nawi\u0105zania kontaktu. Zgod\u0119 t\u0119 mo\u017cna w ka\u017cdej chwili cofn\u0105\u0107 \u2013 patrz r\u00f3wnie\u017c link \u201eImpressum\/Ochrona danych\u201d w menu.<\/p>\n","protected":false},"author":2,"featured_media":0,"parent":0,"menu_order":0,"comment_status":"closed","ping_status":"closed","template":"page-with-title","meta":{"_locale":"pl_PL","_original_post":"https:\/\/magia-morza.de\/kontakt\/","footnotes":""},"class_list":["post-270","page","type-page","status-publish","hentry","pl-PL"],"aioseo_notices":[],"_links":{"self":[{"href":"https:\/\/magia-morza.de\/wp-json\/wp\/v2\/pages\/270","targetHints":{"allow":["GET"]}}],"collection":[{"href":"https:\/\/magia-morza.de\/wp-json\/wp\/v2\/pages"}],"about":[{"href":"https:\/\/magia-morza.de\/wp-json\/wp\/v2\/types\/page"}],"author":[{"embeddable":true,"href":"https:\/\/magia-morza.de\/wp-json\/wp\/v2\/users\/2"}],"replies":[{"embeddable":true,"href":"https:\/\/magia-morza.de\/wp-json\/wp\/v2\/comments?post=270"}],"version-history":[{"count":2,"href":"https:\/\/magia-morza.de\/wp-json\/wp\/v2\/pages\/270\/revisions"}],"predecessor-version":[{"id":294,"href":"https:\/\/magia-morza.de\/wp-json\/wp\/v2\/pages\/270\/revisions\/294"}],"wp:attachment":[{"href":"https:\/\/magia-morza.de\/wp-json\/wp\/v2\/media?parent=270"}],"curies":[{"name":"wp","href":"https:\/\/api.w.org\/{rel}","templated":true}]}}