{"id":279,"date":"2025-12-11T13:27:28","date_gmt":"2025-12-11T13:27:28","guid":{"rendered":"https:\/\/magia-morza.de\/?page_id=279"},"modified":"2025-12-11T13:27:29","modified_gmt":"2025-12-11T13:27:29","slug":"ueber","status":"publish","type":"page","link":"https:\/\/magia-morza.de\/pl\/ueber\/","title":{"rendered":"O"},"content":{"rendered":"\n<div class=\"wp-block-group alignfull has-background-background-color has-background has-global-padding is-layout-constrained wp-container-core-group-is-layout-7276a2bb wp-block-group-is-layout-constrained\" id=\"ueber-uns\" style=\"margin-top:0;margin-bottom:0;padding-top:var(--wp--preset--spacing--60);padding-right:var(--wp--preset--spacing--30);padding-bottom:var(--wp--preset--spacing--60);padding-left:var(--wp--preset--spacing--30)\">\n<div class=\"wp-block-columns alignwide are-vertically-aligned-center is-layout-flex wp-container-core-columns-is-layout-47c06fe3 wp-block-columns-is-layout-flex\">\n<div class=\"wp-block-column is-vertically-aligned-center is-layout-flow wp-container-core-column-is-layout-f5bb311e wp-block-column-is-layout-flow\" style=\"flex-basis:50%\">\n<div class=\"wp-block-group has-global-padding is-layout-constrained wp-container-core-group-is-layout-279e0ccb wp-block-group-is-layout-constrained\">\n<figure class=\"wp-block-image size-full has-custom-border\"><img loading=\"lazy\" decoding=\"async\" width=\"593\" height=\"715\" src=\"https:\/\/magia-morza.de\/wp-content\/uploads\/2025\/11\/Grundriss.jpg\" alt=\"\" class=\"wp-image-173\" style=\"border-radius:20rem;aspect-ratio:3\/4;object-fit:cover\" srcset=\"https:\/\/magia-morza.de\/wp-content\/uploads\/2025\/11\/Grundriss.jpg 593w, https:\/\/magia-morza.de\/wp-content\/uploads\/2025\/11\/Grundriss-249x300.jpg 249w\" sizes=\"auto, (max-width: 593px) 100vw, 593px\" \/><\/figure>\n<\/div>\n<\/div>\n\n\n\n<div class=\"wp-block-column is-vertically-aligned-center is-layout-flow wp-block-column-is-layout-flow\" style=\"flex-basis:60%\">\n<h2 class=\"wp-block-heading has-large-font-size\">Ciesz si\u0119 relaksuj\u0105cym pobytem w kurorcie Ko\u0142obrzeg nad Morzem Ba\u0142tyckim<\/h2>\n\n\n\n<p style=\"margin-top:16px\">Nasz apartament wakacyjny \u201eMagia Morza\u201d \u0142\u0105czy w sobie komfort i przytulno\u015b\u0107, aby zapewni\u0107 Ci niezapomniane wakacje nad Morzem Ba\u0142tyckim. Przywi\u0105zujemy du\u017c\u0105 wag\u0119 do serdecznej atmosfery, wysokiej jako\u015bci us\u0142ug i zadowolenia naszych go\u015bci, aby czuli si\u0119 jak w domu. Na \u017cyczenie udost\u0119pniamy r\u00f3wnie\u017c 2 rowery i miejsce parkingowe w gara\u017cu podziemnym. Naprzeciwko znajduje si\u0119 ma\u0142y supermarket.<\/p>\n<\/div>\n<\/div>\n<\/div>\n\n\n\n<div class=\"wp-block-group alignfull has-tertiary-background-color has-background has-global-padding is-layout-constrained wp-block-group-is-layout-constrained\" id=\"galerie\" style=\"margin-top:0;margin-bottom:0;padding-top:var(--wp--preset--spacing--60);padding-bottom:var(--wp--preset--spacing--60)\">\n<figure class=\"wp-block-gallery alignwide has-nested-images columns-default is-cropped wp-block-gallery-1 is-layout-flex wp-block-gallery-is-layout-flex\">\n<figure data-wp-context=\"{&quot;imageId&quot;:&quot;69f45d4f42093&quot;}\" data-wp-interactive=\"core\/image\" data-wp-key=\"69f45d4f42093\" class=\"wp-block-image size-large has-custom-border wp-lightbox-container\"><img loading=\"lazy\" decoding=\"async\" width=\"768\" height=\"1024\" data-wp-class--hide=\"state.isContentHidden\" data-wp-class--show=\"state.isContentVisible\" data-wp-init=\"callbacks.setButtonStyles\" data-wp-on--click=\"actions.showLightbox\" data-wp-on--load=\"callbacks.setButtonStyles\" data-wp-on-window--resize=\"callbacks.setButtonStyles\" data-id=\"176\" src=\"https:\/\/magia-morza.de\/wp-content\/uploads\/2025\/11\/Meer-links-768x1024.jpeg\" alt=\"\" class=\"wp-image-176\" style=\"border-top-left-radius:1rem;border-top-right-radius:1rem;border-bottom-left-radius:1rem;border-bottom-right-radius:1rem\" srcset=\"https:\/\/magia-morza.de\/wp-content\/uploads\/2025\/11\/Meer-links-768x1024.jpeg 768w, https:\/\/magia-morza.de\/wp-content\/uploads\/2025\/11\/Meer-links-225x300.jpeg 225w, https:\/\/magia-morza.de\/wp-content\/uploads\/2025\/11\/Meer-links-1152x1536.jpeg 1152w, https:\/\/magia-morza.de\/wp-content\/uploads\/2025\/11\/Meer-links-1536x2048.jpeg 1536w, https:\/\/magia-morza.de\/wp-content\/uploads\/2025\/11\/Meer-links-scaled.jpeg 1920w\" sizes=\"auto, (max-width: 768px) 100vw, 768px\" \/><button\n\t\t\tclass=\"lightbox-trigger\"\n\t\t\ttype=\"button\"\n\t\t\taria-haspopup=\"dialog\"\n\t\t\taria-label=\"Powi\u0119ksz\"\n\t\t\tdata-wp-init=\"callbacks.initTriggerButton\"\n\t\t\tdata-wp-on--click=\"actions.showLightbox\"\n\t\t\tdata-wp-style--right=\"state.imageButtonRight\"\n\t\t\tdata-wp-style--top=\"state.imageButtonTop\"\n\t\t>\n\t\t\t<svg xmlns=\"http:\/\/www.w3.org\/2000\/svg\" width=\"12\" height=\"12\" fill=\"none\" viewBox=\"0 0 12 12\">\n\t\t\t\t<path fill=\"#fff\" d=\"M2 0a2 2 0 0 0-2 2v2h1.5V2a.5.5 0 0 1 .5-.5h2V0H2Zm2 10.5H2a.5.5 0 0 1-.5-.5V8H0v2a2 2 0 0 0 2 2h2v-1.5ZM8 12v-1.5h2a.5.5 0 0 0 .5-.5V8H12v2a2 2 0 0 1-2 2H8Zm2-12a2 2 0 0 1 2 2v2h-1.5V2a.5.5 0 0 0-.5-.5H8V0h2Z\" \/>\n\t\t\t<\/svg>\n\t\t<\/button><\/figure>\n\n\n\n<figure data-wp-context=\"{&quot;imageId&quot;:&quot;69f45d4f423b1&quot;}\" data-wp-interactive=\"core\/image\" data-wp-key=\"69f45d4f423b1\" class=\"wp-block-image size-large has-custom-border wp-lightbox-container\"><img loading=\"lazy\" decoding=\"async\" width=\"768\" height=\"1024\" data-wp-class--hide=\"state.isContentHidden\" data-wp-class--show=\"state.isContentVisible\" data-wp-init=\"callbacks.setButtonStyles\" data-wp-on--click=\"actions.showLightbox\" data-wp-on--load=\"callbacks.setButtonStyles\" data-wp-on-window--resize=\"callbacks.setButtonStyles\" data-id=\"220\" src=\"https:\/\/magia-morza.de\/wp-content\/uploads\/2025\/11\/Podczele-3-768x1024.jpeg\" alt=\"\" class=\"wp-image-220\" style=\"border-top-left-radius:12rem;border-top-right-radius:12rem;border-bottom-left-radius:1rem;border-bottom-right-radius:1rem\" srcset=\"https:\/\/magia-morza.de\/wp-content\/uploads\/2025\/11\/Podczele-3-768x1024.jpeg 768w, https:\/\/magia-morza.de\/wp-content\/uploads\/2025\/11\/Podczele-3-225x300.jpeg 225w, https:\/\/magia-morza.de\/wp-content\/uploads\/2025\/11\/Podczele-3-1152x1536.jpeg 1152w, https:\/\/magia-morza.de\/wp-content\/uploads\/2025\/11\/Podczele-3-rotated.jpeg 1512w\" sizes=\"auto, (max-width: 768px) 100vw, 768px\" \/><button\n\t\t\tclass=\"lightbox-trigger\"\n\t\t\ttype=\"button\"\n\t\t\taria-haspopup=\"dialog\"\n\t\t\taria-label=\"Powi\u0119ksz\"\n\t\t\tdata-wp-init=\"callbacks.initTriggerButton\"\n\t\t\tdata-wp-on--click=\"actions.showLightbox\"\n\t\t\tdata-wp-style--right=\"state.imageButtonRight\"\n\t\t\tdata-wp-style--top=\"state.imageButtonTop\"\n\t\t>\n\t\t\t<svg xmlns=\"http:\/\/www.w3.org\/2000\/svg\" width=\"12\" height=\"12\" fill=\"none\" viewBox=\"0 0 12 12\">\n\t\t\t\t<path fill=\"#fff\" d=\"M2 0a2 2 0 0 0-2 2v2h1.5V2a.5.5 0 0 1 .5-.5h2V0H2Zm2 10.5H2a.5.5 0 0 1-.5-.5V8H0v2a2 2 0 0 0 2 2h2v-1.5ZM8 12v-1.5h2a.5.5 0 0 0 .5-.5V8H12v2a2 2 0 0 1-2 2H8Zm2-12a2 2 0 0 1 2 2v2h-1.5V2a.5.5 0 0 0-.5-.5H8V0h2Z\" \/>\n\t\t\t<\/svg>\n\t\t<\/button><\/figure>\n\n\n\n<figure data-wp-context=\"{&quot;imageId&quot;:&quot;69f45d4f4266f&quot;}\" data-wp-interactive=\"core\/image\" data-wp-key=\"69f45d4f4266f\" class=\"wp-block-image size-large has-custom-border wp-lightbox-container\"><img loading=\"lazy\" decoding=\"async\" width=\"768\" height=\"1024\" data-wp-class--hide=\"state.isContentHidden\" data-wp-class--show=\"state.isContentVisible\" data-wp-init=\"callbacks.setButtonStyles\" data-wp-on--click=\"actions.showLightbox\" data-wp-on--load=\"callbacks.setButtonStyles\" data-wp-on-window--resize=\"callbacks.setButtonStyles\" data-id=\"239\" src=\"https:\/\/magia-morza.de\/wp-content\/uploads\/2025\/12\/Tuer-768x1024.jpeg\" alt=\"\" class=\"wp-image-239\" style=\"border-top-left-radius:12rem;border-top-right-radius:1rem;border-bottom-left-radius:1rem;border-bottom-right-radius:1rem\" srcset=\"https:\/\/magia-morza.de\/wp-content\/uploads\/2025\/12\/Tuer-768x1024.jpeg 768w, https:\/\/magia-morza.de\/wp-content\/uploads\/2025\/12\/Tuer-225x300.jpeg 225w, https:\/\/magia-morza.de\/wp-content\/uploads\/2025\/12\/Tuer-1152x1536.jpeg 1152w, https:\/\/magia-morza.de\/wp-content\/uploads\/2025\/12\/Tuer-1536x2048.jpeg 1536w, https:\/\/magia-morza.de\/wp-content\/uploads\/2025\/12\/Tuer-scaled.jpeg 1920w\" sizes=\"auto, (max-width: 768px) 100vw, 768px\" \/><button\n\t\t\tclass=\"lightbox-trigger\"\n\t\t\ttype=\"button\"\n\t\t\taria-haspopup=\"dialog\"\n\t\t\taria-label=\"Powi\u0119ksz\"\n\t\t\tdata-wp-init=\"callbacks.initTriggerButton\"\n\t\t\tdata-wp-on--click=\"actions.showLightbox\"\n\t\t\tdata-wp-style--right=\"state.imageButtonRight\"\n\t\t\tdata-wp-style--top=\"state.imageButtonTop\"\n\t\t>\n\t\t\t<svg xmlns=\"http:\/\/www.w3.org\/2000\/svg\" width=\"12\" height=\"12\" fill=\"none\" viewBox=\"0 0 12 12\">\n\t\t\t\t<path fill=\"#fff\" d=\"M2 0a2 2 0 0 0-2 2v2h1.5V2a.5.5 0 0 1 .5-.5h2V0H2Zm2 10.5H2a.5.5 0 0 1-.5-.5V8H0v2a2 2 0 0 0 2 2h2v-1.5ZM8 12v-1.5h2a.5.5 0 0 0 .5-.5V8H12v2a2 2 0 0 1-2 2H8Zm2-12a2 2 0 0 1 2 2v2h-1.5V2a.5.5 0 0 0-.5-.5H8V0h2Z\" \/>\n\t\t\t<\/svg>\n\t\t<\/button><\/figure>\n\n\n\n<figure data-wp-context=\"{&quot;imageId&quot;:&quot;69f45d4f42900&quot;}\" data-wp-interactive=\"core\/image\" data-wp-key=\"69f45d4f42900\" class=\"wp-block-image size-large has-custom-border wp-lightbox-container\"><img loading=\"lazy\" decoding=\"async\" width=\"768\" height=\"1024\" data-wp-class--hide=\"state.isContentHidden\" data-wp-class--show=\"state.isContentVisible\" data-wp-init=\"callbacks.setButtonStyles\" data-wp-on--click=\"actions.showLightbox\" data-wp-on--load=\"callbacks.setButtonStyles\" data-wp-on-window--resize=\"callbacks.setButtonStyles\" data-id=\"240\" src=\"https:\/\/magia-morza.de\/wp-content\/uploads\/2025\/12\/Wohnzimmer1-2-768x1024.jpeg\" alt=\"\" class=\"wp-image-240\" style=\"border-top-left-radius:1rem;border-top-right-radius:1rem;border-bottom-left-radius:1rem;border-bottom-right-radius:1rem\" srcset=\"https:\/\/magia-morza.de\/wp-content\/uploads\/2025\/12\/Wohnzimmer1-2-768x1024.jpeg 768w, https:\/\/magia-morza.de\/wp-content\/uploads\/2025\/12\/Wohnzimmer1-2-225x300.jpeg 225w, https:\/\/magia-morza.de\/wp-content\/uploads\/2025\/12\/Wohnzimmer1-2-1152x1536.jpeg 1152w, https:\/\/magia-morza.de\/wp-content\/uploads\/2025\/12\/Wohnzimmer1-2-1536x2048.jpeg 1536w, https:\/\/magia-morza.de\/wp-content\/uploads\/2025\/12\/Wohnzimmer1-2-scaled.jpeg 1920w\" sizes=\"auto, (max-width: 768px) 100vw, 768px\" \/><button\n\t\t\tclass=\"lightbox-trigger\"\n\t\t\ttype=\"button\"\n\t\t\taria-haspopup=\"dialog\"\n\t\t\taria-label=\"Powi\u0119ksz\"\n\t\t\tdata-wp-init=\"callbacks.initTriggerButton\"\n\t\t\tdata-wp-on--click=\"actions.showLightbox\"\n\t\t\tdata-wp-style--right=\"state.imageButtonRight\"\n\t\t\tdata-wp-style--top=\"state.imageButtonTop\"\n\t\t>\n\t\t\t<svg xmlns=\"http:\/\/www.w3.org\/2000\/svg\" width=\"12\" height=\"12\" fill=\"none\" viewBox=\"0 0 12 12\">\n\t\t\t\t<path fill=\"#fff\" d=\"M2 0a2 2 0 0 0-2 2v2h1.5V2a.5.5 0 0 1 .5-.5h2V0H2Zm2 10.5H2a.5.5 0 0 1-.5-.5V8H0v2a2 2 0 0 0 2 2h2v-1.5ZM8 12v-1.5h2a.5.5 0 0 0 .5-.5V8H12v2a2 2 0 0 1-2 2H8Zm2-12a2 2 0 0 1 2 2v2h-1.5V2a.5.5 0 0 0-.5-.5H8V0h2Z\" \/>\n\t\t\t<\/svg>\n\t\t<\/button><\/figure>\n\n\n\n<figure data-wp-context=\"{&quot;imageId&quot;:&quot;69f45d4f42c19&quot;}\" data-wp-interactive=\"core\/image\" data-wp-key=\"69f45d4f42c19\" class=\"wp-block-image size-large has-custom-border wp-lightbox-container\"><img loading=\"lazy\" decoding=\"async\" width=\"779\" height=\"1024\" data-wp-class--hide=\"state.isContentHidden\" data-wp-class--show=\"state.isContentVisible\" data-wp-init=\"callbacks.setButtonStyles\" data-wp-on--click=\"actions.showLightbox\" data-wp-on--load=\"callbacks.setButtonStyles\" data-wp-on-window--resize=\"callbacks.setButtonStyles\" data-id=\"237\" src=\"https:\/\/magia-morza.de\/wp-content\/uploads\/2025\/12\/Schlafzimmer1-1-779x1024.jpeg\" alt=\"\" class=\"wp-image-237\" style=\"border-top-left-radius:12rem;border-top-right-radius:12rem;border-bottom-left-radius:1rem;border-bottom-right-radius:1rem\" srcset=\"https:\/\/magia-morza.de\/wp-content\/uploads\/2025\/12\/Schlafzimmer1-1-779x1024.jpeg 779w, https:\/\/magia-morza.de\/wp-content\/uploads\/2025\/12\/Schlafzimmer1-1-228x300.jpeg 228w, https:\/\/magia-morza.de\/wp-content\/uploads\/2025\/12\/Schlafzimmer1-1-768x1009.jpeg 768w, https:\/\/magia-morza.de\/wp-content\/uploads\/2025\/12\/Schlafzimmer1-1-1169x1536.jpeg 1169w, https:\/\/magia-morza.de\/wp-content\/uploads\/2025\/12\/Schlafzimmer1-1-1558x2048.jpeg 1558w, https:\/\/magia-morza.de\/wp-content\/uploads\/2025\/12\/Schlafzimmer1-1-scaled.jpeg 1948w\" sizes=\"auto, (max-width: 779px) 100vw, 779px\" \/><button\n\t\t\tclass=\"lightbox-trigger\"\n\t\t\ttype=\"button\"\n\t\t\taria-haspopup=\"dialog\"\n\t\t\taria-label=\"Powi\u0119ksz\"\n\t\t\tdata-wp-init=\"callbacks.initTriggerButton\"\n\t\t\tdata-wp-on--click=\"actions.showLightbox\"\n\t\t\tdata-wp-style--right=\"state.imageButtonRight\"\n\t\t\tdata-wp-style--top=\"state.imageButtonTop\"\n\t\t>\n\t\t\t<svg xmlns=\"http:\/\/www.w3.org\/2000\/svg\" width=\"12\" height=\"12\" fill=\"none\" viewBox=\"0 0 12 12\">\n\t\t\t\t<path fill=\"#fff\" d=\"M2 0a2 2 0 0 0-2 2v2h1.5V2a.5.5 0 0 1 .5-.5h2V0H2Zm2 10.5H2a.5.5 0 0 1-.5-.5V8H0v2a2 2 0 0 0 2 2h2v-1.5ZM8 12v-1.5h2a.5.5 0 0 0 .5-.5V8H12v2a2 2 0 0 1-2 2H8Zm2-12a2 2 0 0 1 2 2v2h-1.5V2a.5.5 0 0 0-.5-.5H8V0h2Z\" \/>\n\t\t\t<\/svg>\n\t\t<\/button><\/figure>\n\n\n\n<figure data-wp-context=\"{&quot;imageId&quot;:&quot;69f45d4f42f68&quot;}\" data-wp-interactive=\"core\/image\" data-wp-key=\"69f45d4f42f68\" class=\"wp-block-image size-large has-custom-border wp-lightbox-container\"><img loading=\"lazy\" decoding=\"async\" width=\"1024\" height=\"768\" data-wp-class--hide=\"state.isContentHidden\" data-wp-class--show=\"state.isContentVisible\" data-wp-init=\"callbacks.setButtonStyles\" data-wp-on--click=\"actions.showLightbox\" data-wp-on--load=\"callbacks.setButtonStyles\" data-wp-on-window--resize=\"callbacks.setButtonStyles\" data-id=\"241\" src=\"https:\/\/magia-morza.de\/wp-content\/uploads\/2025\/12\/Schlafzimmer2-1-1024x768.jpeg\" alt=\"\" class=\"wp-image-241\" style=\"border-top-left-radius:12rem;border-top-right-radius:1rem;border-bottom-left-radius:1rem;border-bottom-right-radius:1rem\" srcset=\"https:\/\/magia-morza.de\/wp-content\/uploads\/2025\/12\/Schlafzimmer2-1-1024x768.jpeg 1024w, https:\/\/magia-morza.de\/wp-content\/uploads\/2025\/12\/Schlafzimmer2-1-300x225.jpeg 300w, https:\/\/magia-morza.de\/wp-content\/uploads\/2025\/12\/Schlafzimmer2-1-768x576.jpeg 768w, https:\/\/magia-morza.de\/wp-content\/uploads\/2025\/12\/Schlafzimmer2-1-1536x1152.jpeg 1536w, https:\/\/magia-morza.de\/wp-content\/uploads\/2025\/12\/Schlafzimmer2-1-2048x1536.jpeg 2048w\" sizes=\"auto, (max-width: 1024px) 100vw, 1024px\" \/><button\n\t\t\tclass=\"lightbox-trigger\"\n\t\t\ttype=\"button\"\n\t\t\taria-haspopup=\"dialog\"\n\t\t\taria-label=\"Powi\u0119ksz\"\n\t\t\tdata-wp-init=\"callbacks.initTriggerButton\"\n\t\t\tdata-wp-on--click=\"actions.showLightbox\"\n\t\t\tdata-wp-style--right=\"state.imageButtonRight\"\n\t\t\tdata-wp-style--top=\"state.imageButtonTop\"\n\t\t>\n\t\t\t<svg xmlns=\"http:\/\/www.w3.org\/2000\/svg\" width=\"12\" height=\"12\" fill=\"none\" viewBox=\"0 0 12 12\">\n\t\t\t\t<path fill=\"#fff\" d=\"M2 0a2 2 0 0 0-2 2v2h1.5V2a.5.5 0 0 1 .5-.5h2V0H2Zm2 10.5H2a.5.5 0 0 1-.5-.5V8H0v2a2 2 0 0 0 2 2h2v-1.5ZM8 12v-1.5h2a.5.5 0 0 0 .5-.5V8H12v2a2 2 0 0 1-2 2H8Zm2-12a2 2 0 0 1 2 2v2h-1.5V2a.5.5 0 0 0-.5-.5H8V0h2Z\" \/>\n\t\t\t<\/svg>\n\t\t<\/button><\/figure>\n<\/figure>\n<\/div>\n\n\n\n<div class=\"wp-block-group alignfull has-background-background-color has-background has-global-padding is-layout-constrained wp-container-core-group-is-layout-7276a2bb wp-block-group-is-layout-constrained\" id=\"referenzen\" style=\"margin-top:0;margin-bottom:0;padding-top:var(--wp--preset--spacing--60);padding-right:var(--wp--preset--spacing--30);padding-bottom:var(--wp--preset--spacing--60);padding-left:var(--wp--preset--spacing--30)\">\n<div class=\"wp-block-group alignwide has-global-padding is-content-justification-center is-layout-constrained wp-block-group-is-layout-constrained\">\n<h3 class=\"wp-block-heading has-text-align-center\" style=\"margin-top:12px\">Apartament \u201eMagia Morza\u201d \u2013 komfort i urok<\/h3>\n\n\n\n<p class=\"has-text-align-center\" style=\"margin-top:16px\">Go\u015bcie chwal\u0105 nasze przytulne zakwaterowanie i blisko\u015b\u0107 pla\u017cy nad Morzem Ba\u0142tyckim, kt\u00f3re zapewniaj\u0105 relaksuj\u0105ce wakacje.<\/p>\n<\/div>\n\n\n\n<div class=\"wp-block-columns alignwide is-layout-flex wp-container-core-columns-is-layout-28f84493 wp-block-columns-is-layout-flex\">\n<div class=\"wp-block-column is-vertically-aligned-stretch is-layout-flow wp-container-core-column-is-layout-8a368f38 wp-block-column-is-layout-flow\">\n<div class=\"wp-block-group has-tertiary-background-color has-background has-global-padding is-layout-constrained wp-container-core-group-is-layout-f4cdaae3 wp-block-group-is-layout-constrained\" style=\"border-radius:20rem;min-height:100%;padding-top:var(--wp--preset--spacing--70);padding-right:var(--wp--preset--spacing--40);padding-bottom:var(--wp--preset--spacing--70);padding-left:var(--wp--preset--spacing--40)\">\n<div class=\"wp-block-group is-vertical is-content-justification-center is-layout-flex wp-container-core-group-is-layout-a45d2cb9 wp-block-group-is-layout-flex\">\n<div class=\"wp-block-group has-global-padding is-layout-constrained wp-block-group-is-layout-constrained\">\n<h4 class=\"wp-block-heading has-text-align-center has-medium-font-size\">Anne<\/h4>\n\n\n\n<p class=\"has-text-align-center has-small-font-size\" style=\"margin-top:2px\">Zadowolona urlopowiczka<\/p>\n<\/div>\n<\/div>\n\n\n\n<p class=\"has-text-align-center has-small-font-size\">Wspania\u0142y pobyt, apartament jest doskonale wyposa\u017cony i idealny na relaksuj\u0105ce wakacje.<\/p>\n<\/div>\n<\/div>\n\n\n\n<div class=\"wp-block-column is-vertically-aligned-stretch is-layout-flow wp-block-column-is-layout-flow\">\n<div class=\"wp-block-group has-tertiary-background-color has-background has-global-padding is-layout-constrained wp-container-core-group-is-layout-f4cdaae3 wp-block-group-is-layout-constrained\" style=\"border-radius:20rem;min-height:100%;padding-top:var(--wp--preset--spacing--70);padding-right:var(--wp--preset--spacing--40);padding-bottom:var(--wp--preset--spacing--70);padding-left:var(--wp--preset--spacing--40)\">\n<div class=\"wp-block-group is-vertical is-content-justification-center is-layout-flex wp-container-core-group-is-layout-a45d2cb9 wp-block-group-is-layout-flex\">\n<div class=\"wp-block-group has-global-padding is-layout-constrained wp-block-group-is-layout-constrained\">\n<h4 class=\"wp-block-heading has-text-align-center has-medium-font-size\">Lukasz<\/h4>\n\n\n\n<p class=\"has-text-align-center has-small-font-size\" style=\"margin-top:2px\">Podr\u00f3\u017cnik<\/p>\n<\/div>\n<\/div>\n\n\n\n<p class=\"has-text-align-center has-small-font-size\">Czysty i przytulny apartament wakacyjny, w odleg\u0142o\u015bci spaceru od pla\u017cy \u2013 bardzo polecam.<\/p>\n<\/div>\n<\/div>\n\n\n\n<div class=\"wp-block-column is-vertically-aligned-stretch is-layout-flow wp-block-column-is-layout-flow\">\n<div class=\"wp-block-group has-tertiary-background-color has-background has-global-padding is-layout-constrained wp-container-core-group-is-layout-f4cdaae3 wp-block-group-is-layout-constrained\" style=\"border-radius:20rem;min-height:100%;padding-top:var(--wp--preset--spacing--70);padding-right:var(--wp--preset--spacing--40);padding-bottom:var(--wp--preset--spacing--70);padding-left:var(--wp--preset--spacing--40)\">\n<div class=\"wp-block-group is-vertical is-content-justification-center is-layout-flex wp-container-core-group-is-layout-a45d2cb9 wp-block-group-is-layout-flex\">\n<div class=\"wp-block-group has-global-padding is-layout-constrained wp-block-group-is-layout-constrained\">\n<h4 class=\"wp-block-heading has-text-align-center has-medium-font-size\">Frederik<\/h4>\n\n\n\n<p class=\"has-text-align-center has-small-font-size\" style=\"margin-top:2px\">Go\u015b\u0107 wakacyjny<\/p>\n<\/div>\n<\/div>\n\n\n\n<p class=\"has-text-align-center has-small-font-size\">Zakwaterowanie oferowa\u0142o wszystko, czego potrzebowali\u015bmy. Okolica jest po prostu pi\u0119kna.<\/p>\n<\/div>\n<\/div>\n<\/div>\n<\/div>\n","protected":false},"excerpt":{"rendered":"<p>Ciesz si\u0119 relaksuj\u0105cym pobytem w kurorcie Ko\u0142obrzeg nad Morzem Ba\u0142tyckim Nasz apartament wakacyjny \u201eMagia Morza\u201d \u0142\u0105czy w sobie komfort i przytulno\u015b\u0107, aby zapewni\u0107 Ci niezapomniane wakacje nad Morzem Ba\u0142tyckim. Przywi\u0105zujemy du\u017c\u0105 wag\u0119 do serdecznej atmosfery, wysokiej jako\u015bci us\u0142ug i zadowolenia naszych go\u015bci, aby czuli si\u0119 jak w domu. Na \u017cyczenie udost\u0119pniamy r\u00f3wnie\u017c 2 rowery i [&hellip;]<\/p>\n","protected":false},"author":2,"featured_media":0,"parent":0,"menu_order":0,"comment_status":"closed","ping_status":"closed","template":"page-with-title","meta":{"_locale":"pl_PL","_original_post":"https:\/\/magia-morza.de\/ueber\/","footnotes":""},"class_list":["post-279","page","type-page","status-publish","hentry","pl-PL"],"aioseo_notices":[],"_links":{"self":[{"href":"https:\/\/magia-morza.de\/wp-json\/wp\/v2\/pages\/279","targetHints":{"allow":["GET"]}}],"collection":[{"href":"https:\/\/magia-morza.de\/wp-json\/wp\/v2\/pages"}],"about":[{"href":"https:\/\/magia-morza.de\/wp-json\/wp\/v2\/types\/page"}],"author":[{"embeddable":true,"href":"https:\/\/magia-morza.de\/wp-json\/wp\/v2\/users\/2"}],"replies":[{"embeddable":true,"href":"https:\/\/magia-morza.de\/wp-json\/wp\/v2\/comments?post=279"}],"version-history":[{"count":1,"href":"https:\/\/magia-morza.de\/wp-json\/wp\/v2\/pages\/279\/revisions"}],"predecessor-version":[{"id":282,"href":"https:\/\/magia-morza.de\/wp-json\/wp\/v2\/pages\/279\/revisions\/282"}],"wp:attachment":[{"href":"https:\/\/magia-morza.de\/wp-json\/wp\/v2\/media?parent=279"}],"curies":[{"name":"wp","href":"https:\/\/api.w.org\/{rel}","templated":true}]}}